{"id":2541,"date":"2019-08-12T14:52:19","date_gmt":"2019-08-12T12:52:19","guid":{"rendered":"https:\/\/www.villadina.net\/service\/"},"modified":"2019-08-12T14:52:20","modified_gmt":"2019-08-12T12:52:20","slug":"service","status":"publish","type":"page","link":"https:\/\/www.villadina.net\/de\/service\/","title":{"rendered":"Service"},"content":{"rendered":"<p>[vc_row][vc_column][vc_column_text]<\/p>\n<div class=\"sec-header3\">\n<h2>Service<\/h2>\n<h3 class=\"resp-360-home-mar-bottoms\">Um Ihren Aufenthalt so sch\u00f6n wie m\u00f6glich zu gestalten, freuen wir uns Ihnen unseren besten Service zur Verf\u00fcgung stellen zu d\u00fcrfen<\/h3>\n<\/div>\n<p>[\/vc_column_text][\/vc_column][\/vc_row][vc_row full_width=&#8221;stretch_row&#8221; row_type=&#8221;row_full_center_content&#8221; css=&#8221;.vc_custom_1482821486778{background-color: #f4f4f4 !important;}&#8221;][vc_column el_class=&#8221;common-pading-aminities extra-comon-pad aminities-wrapper extra-margin-bottom&#8221;][vc_column_text]<\/p>\n<div class=\"sec-header-small\">\n<h2>Verf\u00fcgbar f\u00fcr die G\u00e4ste:<\/h2>\n<\/div>\n<div class=\"aminities-outer\"><\/div>\n<p>[\/vc_column_text][vc_row_inner][vc_column_inner el_class=&#8221;aminities-outer l-margin aminities-outer-responsive-1 breach-pads&#8221; width=&#8221;1\/4&#8243;][vc_column_text]<\/p>\n<div class=\"view view-aminities\">\n<div><img loading=\"lazy\" decoding=\"async\" class=\"alignnone size-full wp-image-543\" src=\"https:\/\/www.villadina.net\/wp-content\/uploads\/2019\/07\/wifi.png\" alt=\"icon\" width=\"64\" height=\"56\" \/><\/div>\n<h2>Free Wi-Fi<\/h2>\n<p>kostenlosem Wi-Fi-Internetanschluss eingerichtet.<\/p>\n<div class=\"mask\">\n<div><img loading=\"lazy\" decoding=\"async\" class=\"alignnone size-full wp-image-544\" src=\"https:\/\/www.villadina.net\/wp-content\/uploads\/2019\/07\/wifi.png\" alt=\"icon-hover\" width=\"64\" height=\"56\" \/><\/div>\n<h2>Free Wi-Fi<\/h2>\n<p>kostenlosem Wi-Fi-Internetanschluss eingerichtet.<\/p>\n<\/div>\n<\/div>\n<p>[\/vc_column_text][\/vc_column_inner][vc_column_inner el_class=&#8221;aminities-outer aminities-outer-responsive-2 breach-pad&#8221; width=&#8221;1\/4&#8243;][vc_column_text]<\/p>\n<div class=\"view view-aminities\">\n<div><img loading=\"lazy\" decoding=\"async\" class=\"alignnone size-full wp-image-543\" src=\"https:\/\/www.villadina.net\/wp-content\/uploads\/2019\/07\/swimming-pool.png\" alt=\"icon\" width=\"64\" height=\"56\" \/><\/div>\n<h2>Beheizter Au\u00dfenpool<\/h2>\n<p>gro\u00dfer Au\u00dfenpool (12,50 x 6 m) und ein kleiner runder Kinderpool<\/p>\n<div class=\"mask\">\n<div><img loading=\"lazy\" decoding=\"async\" class=\"alignnone size-full wp-image-544\" src=\"https:\/\/www.villadina.net\/wp-content\/uploads\/2019\/07\/swimming-pool.png\" alt=\"icon-hover\" width=\"64\" height=\"56\" \/><\/div>\n<h2>Beheizter Au\u00dfenpool<\/h2>\n<p>gro\u00dfer Au\u00dfenpool (12,50 x 6 m) und ein kleiner runder Kinderpool<\/p>\n<\/div>\n<\/div>\n<p>[\/vc_column_text][\/vc_column_inner][vc_column_inner el_class=&#8221;aminities-outer aminities-outer-responsive-3 breach-pad&#8221; width=&#8221;1\/4&#8243;][vc_column_text]<\/p>\n<div class=\"view view-aminities\">\n<div><img loading=\"lazy\" decoding=\"async\" class=\"alignnone size-full wp-image-543\" src=\"https:\/\/www.villadina.net\/wp-content\/uploads\/2019\/07\/swing.png\" alt=\"icon\" width=\"64\" height=\"56\" \/><\/div>\n<h2>Sportplatz<\/h2>\n<p>f\u00fcr Basket- u. Volleyball zur Verf\u00fcgung, Tischtennisplatte<\/p>\n<div class=\"mask\">\n<div><img loading=\"lazy\" decoding=\"async\" class=\"alignnone size-full wp-image-544\" src=\"https:\/\/www.villadina.net\/wp-content\/uploads\/2019\/07\/swing.png\" alt=\"icon-hover\" width=\"64\" height=\"56\" \/><\/div>\n<h2>Sportplatz<\/h2>\n<p>f\u00fcr Basket- u. Volleyball zur Verf\u00fcgung, Tischtennisplatte<\/p>\n<\/div>\n<\/div>\n<p>[\/vc_column_text][\/vc_column_inner][vc_column_inner el_class=&#8221;aminities-outer r-margin aminities-outer-responsive-4 breach-padn&#8221; width=&#8221;1\/4&#8243;][vc_column_text]<\/p>\n<div class=\"view view-aminities\">\n<div><img loading=\"lazy\" decoding=\"async\" class=\"alignnone size-full wp-image-543\" src=\"https:\/\/www.villadina.net\/wp-content\/uploads\/2019\/07\/bicycle.png\" alt=\"icon\" width=\"64\" height=\"56\" \/><\/div>\n<h2>Fahrradkeller<\/h2>\n<p>Ein kostenloser Fahrradverleih mit City-Bikes <\/p>\n<div class=\"mask\">\n<div><img loading=\"lazy\" decoding=\"async\" class=\"alignnone size-full wp-image-544\" src=\"https:\/\/www.villadina.net\/wp-content\/uploads\/2019\/07\/bicycle.png\" alt=\"icon-hover\" width=\"64\" height=\"56\" \/><\/div>\n<h2>Fahrradkeller<\/h2>\n<p>Ein kostenloser Fahrradverleih mit City-Bikes <\/p>\n<\/div>\n<\/div>\n<p>[\/vc_column_text][\/vc_column_inner][\/vc_row_inner][vc_row_inner el_class=&#8221;aminities-pad-topp&#8221;][vc_column_inner el_class=&#8221;aminities-outer l-margin aminities-outer-responsive-5 estra-margin-top aminities-outer breach-pads&#8221; width=&#8221;1\/4&#8243;][vc_column_text el_class=&#8221;back-col&#8221;]<\/p>\n<div class=\"view view-aminities\">\n<div><img loading=\"lazy\" decoding=\"async\" class=\"alignnone size-full wp-image-543\" src=\"https:\/\/www.villadina.net\/wp-content\/uploads\/2019\/07\/trees.png\" alt=\"icon\" width=\"64\" height=\"56\" \/><\/div>\n<h2>Park<\/h2>\n<p>\u00fcber 2000 qm gro\u00dfen Park<\/p>\n<div class=\"mask\">\n<div><img loading=\"lazy\" decoding=\"async\" class=\"alignnone size-full wp-image-544\" src=\"https:\/\/www.villadina.net\/wp-content\/uploads\/2019\/07\/trees.png\" alt=\"icon-hover\" width=\"64\" height=\"56\" \/><\/div>\n<h2>Park<\/h2>\n<p>\u00fcber 2000 qm gro\u00dfen Park<\/p>\n<\/div>\n<\/div>\n<p>[\/vc_column_text][\/vc_column_inner][vc_column_inner el_class=&#8221;aminities-outer aminities-outer-responsive-6 estra-margin-top aminities-outer breach-pad&#8221; width=&#8221;1\/4&#8243;][vc_column_text el_class=&#8221;back-col&#8221;]<\/p>\n<div class=\"view view-aminities\">\n<div><img loading=\"lazy\" decoding=\"async\" class=\"alignnone size-full wp-image-543\" src=\"https:\/\/www.villadina.net\/wp-content\/uploads\/2019\/07\/bbq.png\" alt=\"icon\" width=\"64\" height=\"56\" \/><\/div>\n<h2>Barbecue<\/h2>\n<p>einer Holzlaube ein Barbecue-Tisch<\/p>\n<div class=\"mask\">\n<div><img loading=\"lazy\" decoding=\"async\" class=\"alignnone size-full wp-image-544\" src=\"https:\/\/www.villadina.net\/wp-content\/uploads\/2019\/07\/bbq.png\" alt=\"icon-hover\" width=\"64\" height=\"56\" \/><\/div>\n<h2>Barbecue<\/h2>\n<p>einer Holzlaube ein Barbecue-Tisch.<\/p>\n<\/div>\n<\/div>\n<p>[\/vc_column_text][\/vc_column_inner][vc_column_inner el_class=&#8221;aminities-outer aminities-outer-responsive-7 aminities-outer breach-pad&#8221; width=&#8221;1\/4&#8243;][vc_column_text]<\/p>\n<div class=\"view view-aminities\">\n<div><img loading=\"lazy\" decoding=\"async\" class=\"alignnone size-full wp-image-543\" src=\"https:\/\/www.villadina.net\/wp-content\/uploads\/2019\/07\/parking.png\" alt=\"icon\" width=\"64\" height=\"56\" \/><\/div>\n<h2>Privatparkplatz<\/h2>\n<p>ein gro\u00dfer Privatparkplatz<\/p>\n<div class=\"mask\">\n<div><img loading=\"lazy\" decoding=\"async\" class=\"alignnone size-full wp-image-544\" src=\"https:\/\/www.villadina.net\/wp-content\/uploads\/2019\/07\/parking.png\" alt=\"icon-hover\" width=\"64\" height=\"56\" \/><\/div>\n<h2>Privatparkplatz<\/h2>\n<p>ein gro\u00dfer Privatparkplatz<\/p>\n<\/div>\n<\/div>\n<p>[\/vc_column_text][\/vc_column_inner][vc_column_inner el_class=&#8221;aminities-outer r-margin aminities-outer-responsive-8 aminities-outer breach-padn&#8221; width=&#8221;1\/4&#8243;][vc_column_text]<\/p>\n<div class=\"view view-aminities\">\n<div><img loading=\"lazy\" decoding=\"async\" class=\"alignnone size-full wp-image-543\" src=\"https:\/\/www.villadina.net\/wp-content\/uploads\/2019\/07\/bed-linen.png\" alt=\"icon\" width=\"64\" height=\"56\" \/><\/div>\n<h2>Bettw\u00e4sche und Handt\u00fccher<\/h2>\n<p>w\u00f6chentlicher Wechsel<\/p>\n<div class=\"mask\">\n<div><img loading=\"lazy\" decoding=\"async\" class=\"alignnone size-full wp-image-544\" src=\"https:\/\/www.villadina.net\/wp-content\/uploads\/2019\/07\/bed-linen.png\" alt=\"icon-hover\" width=\"64\" height=\"56\" \/><\/div>\n<h2>Bettw\u00e4sche und Handt\u00fccher<\/h2>\n<p>w\u00f6chentlicher Wechsel<\/p>\n<\/div>\n<\/div>\n<p>[\/vc_column_text][\/vc_column_inner][\/vc_row_inner][\/vc_column][\/vc_row][vc_row el_class=&#8221;altezza-fissa-gallery&#8221;][vc_column][vc_gallery images=&#8221;1354,1338,1215,1216,1218,1221,1225&#8243; css=&#8221;.vc_custom_1564499945837{padding-top: 30px !important;padding-bottom: 30px !important;}&#8221;][\/vc_column][\/vc_row]<\/p>\n","protected":false},"excerpt":{"rendered":"<p>[vc_row][vc_column][vc_column_text] Service Um Ihren Aufenthalt so sch\u00f6n wie m\u00f6glich zu gestalten, freuen wir uns Ihnen unseren besten Service zur Verf\u00fcgung stellen zu d\u00fcrfen [\/vc_column_text][\/vc_column][\/vc_row][vc_row full_width=&#8221;stretch_row&#8221; row_type=&#8221;row_full_center_content&#8221; css=&#8221;.vc_custom_1482821486778{background-color: #f4f4f4 !important;}&#8221;][vc_column el_class=&#8221;common-pading-aminities extra-comon-pad aminities-wrapper extra-margin-bottom&#8221;][vc_column_text] Verf\u00fcgbar f\u00fcr die G\u00e4ste: [\/vc_column_text][vc_row_inner][vc_column_inner el_class=&#8221;aminities-outer l-margin aminities-outer-responsive-1 breach-pads&#8221; width=&#8221;1\/4&#8243;][vc_column_text] Free Wi-Fi kostenlosem Wi-Fi-Internetanschluss eingerichtet. Free Wi-Fi kostenlosem Wi-Fi-Internetanschluss eingerichtet. [\/vc_column_text][\/vc_column_inner][vc_column_inner el_class=&#8221;aminities-outer<\/p>\n","protected":false},"author":1,"featured_media":0,"parent":0,"menu_order":0,"comment_status":"closed","ping_status":"closed","template":"","meta":{"footnotes":""},"class_list":["post-2541","page","type-page","status-publish","hentry"],"yoast_head":"<!-- This site is optimized with the Yoast SEO plugin v18.0 - https:\/\/yoast.com\/wordpress\/plugins\/seo\/ -->\n<title>Service - Villa Dina<\/title>\n<meta name=\"description\" content=\"Villa Dina \u00e8 un Family Residence a pochi passi da Riva del Garda - Lago di Garda, immerso nel suo parco di oltre 2000 mq.Ccollegamento internet Wi-Fi gratuito e barbecue.Piscina grande riscaldata e di una piscina piccola per bambini, cos\u00ec come un playground per giocare a pallacanestro e a pallavolo e un ping pong,Peri pi\u00f9 piccoli possono la casetta in legno, la sabbiera o l\u2019altalena. Un deposito biciclette con l\u2019uso gratuito delle city-bike e un grande parcheggio privato.\" \/>\n<meta name=\"robots\" content=\"index, follow, max-snippet:-1, max-image-preview:large, max-video-preview:-1\" \/>\n<link rel=\"canonical\" href=\"https:\/\/www.villadina.net\/de\/service\/\" \/>\n<meta property=\"og:locale\" content=\"de_DE\" \/>\n<meta property=\"og:type\" content=\"article\" \/>\n<meta property=\"og:title\" content=\"Service - Villa Dina\" \/>\n<meta property=\"og:description\" content=\"Villa Dina \u00e8 un Family Residence a pochi passi da Riva del Garda - Lago di Garda, immerso nel suo parco di oltre 2000 mq.Ccollegamento internet Wi-Fi gratuito e barbecue.Piscina grande riscaldata e di una piscina piccola per bambini, cos\u00ec come un playground per giocare a pallacanestro e a pallavolo e un ping pong,Peri pi\u00f9 piccoli possono la casetta in legno, la sabbiera o l\u2019altalena. Un deposito biciclette con l\u2019uso gratuito delle city-bike e un grande parcheggio privato.\" \/>\n<meta property=\"og:url\" content=\"https:\/\/www.villadina.net\/de\/service\/\" \/>\n<meta property=\"og:site_name\" content=\"Villa Dina\" \/>\n<meta property=\"article:modified_time\" content=\"2019-08-12T12:52:20+00:00\" \/>\n<meta property=\"og:image\" content=\"https:\/\/www.villadina.net\/wp-content\/uploads\/2019\/07\/wifi.png\" \/>\n<meta name=\"twitter:card\" content=\"summary_large_image\" \/>\n<meta name=\"twitter:label1\" content=\"Gesch\u00e4tzte Lesezeit\" \/>\n\t<meta name=\"twitter:data1\" content=\"2\u00a0Minuten\" \/>\n<script type=\"application\/ld+json\" class=\"yoast-schema-graph\">{\"@context\":\"https:\/\/schema.org\",\"@graph\":[{\"@type\":\"WebSite\",\"@id\":\"https:\/\/www.villadina.net\/#website\",\"url\":\"https:\/\/www.villadina.net\/\",\"name\":\"Villa Dina\",\"description\":\"Villa a gestione familiare a  Riva del Garda immersa in un parco  con piscina\",\"potentialAction\":[{\"@type\":\"SearchAction\",\"target\":{\"@type\":\"EntryPoint\",\"urlTemplate\":\"https:\/\/www.villadina.net\/?s={search_term_string}\"},\"query-input\":\"required name=search_term_string\"}],\"inLanguage\":\"de\"},{\"@type\":\"ImageObject\",\"@id\":\"https:\/\/www.villadina.net\/de\/service\/#primaryimage\",\"inLanguage\":\"de\",\"url\":\"https:\/\/www.villadina.net\/wp-content\/uploads\/2019\/07\/wifi.png\",\"contentUrl\":\"https:\/\/www.villadina.net\/wp-content\/uploads\/2019\/07\/wifi.png\",\"width\":64,\"height\":64},{\"@type\":\"WebPage\",\"@id\":\"https:\/\/www.villadina.net\/de\/service\/#webpage\",\"url\":\"https:\/\/www.villadina.net\/de\/service\/\",\"name\":\"Service - Villa Dina\",\"isPartOf\":{\"@id\":\"https:\/\/www.villadina.net\/#website\"},\"primaryImageOfPage\":{\"@id\":\"https:\/\/www.villadina.net\/de\/service\/#primaryimage\"},\"datePublished\":\"2019-08-12T12:52:19+00:00\",\"dateModified\":\"2019-08-12T12:52:20+00:00\",\"description\":\"Villa Dina \u00e8 un Family Residence a pochi passi da Riva del Garda - Lago di Garda, immerso nel suo parco di oltre 2000 mq.Ccollegamento internet Wi-Fi gratuito e barbecue.Piscina grande riscaldata e di una piscina piccola per bambini, cos\u00ec come un playground per giocare a pallacanestro e a pallavolo e un ping pong,Peri pi\u00f9 piccoli possono la casetta in legno, la sabbiera o l\u2019altalena. Un deposito biciclette con l\u2019uso gratuito delle city-bike e un grande parcheggio privato.\",\"breadcrumb\":{\"@id\":\"https:\/\/www.villadina.net\/de\/service\/#breadcrumb\"},\"inLanguage\":\"de\",\"potentialAction\":[{\"@type\":\"ReadAction\",\"target\":[\"https:\/\/www.villadina.net\/de\/service\/\"]}]},{\"@type\":\"BreadcrumbList\",\"@id\":\"https:\/\/www.villadina.net\/de\/service\/#breadcrumb\",\"itemListElement\":[{\"@type\":\"ListItem\",\"position\":1,\"name\":\"Home\",\"item\":\"https:\/\/www.villadina.net\/de\/\"},{\"@type\":\"ListItem\",\"position\":2,\"name\":\"Service\"}]}]}<\/script>\n<!-- \/ Yoast SEO plugin. -->","yoast_head_json":{"title":"Service - Villa Dina","description":"Villa Dina \u00e8 un Family Residence a pochi passi da Riva del Garda - Lago di Garda, immerso nel suo parco di oltre 2000 mq.Ccollegamento internet Wi-Fi gratuito e barbecue.Piscina grande riscaldata e di una piscina piccola per bambini, cos\u00ec come un playground per giocare a pallacanestro e a pallavolo e un ping pong,Peri pi\u00f9 piccoli possono la casetta in legno, la sabbiera o l\u2019altalena. Un deposito biciclette con l\u2019uso gratuito delle city-bike e un grande parcheggio privato.","robots":{"index":"index","follow":"follow","max-snippet":"max-snippet:-1","max-image-preview":"max-image-preview:large","max-video-preview":"max-video-preview:-1"},"canonical":"https:\/\/www.villadina.net\/de\/service\/","og_locale":"de_DE","og_type":"article","og_title":"Service - Villa Dina","og_description":"Villa Dina \u00e8 un Family Residence a pochi passi da Riva del Garda - Lago di Garda, immerso nel suo parco di oltre 2000 mq.Ccollegamento internet Wi-Fi gratuito e barbecue.Piscina grande riscaldata e di una piscina piccola per bambini, cos\u00ec come un playground per giocare a pallacanestro e a pallavolo e un ping pong,Peri pi\u00f9 piccoli possono la casetta in legno, la sabbiera o l\u2019altalena. Un deposito biciclette con l\u2019uso gratuito delle city-bike e un grande parcheggio privato.","og_url":"https:\/\/www.villadina.net\/de\/service\/","og_site_name":"Villa Dina","article_modified_time":"2019-08-12T12:52:20+00:00","og_image":[{"url":"https:\/\/www.villadina.net\/wp-content\/uploads\/2019\/07\/wifi.png"}],"twitter_card":"summary_large_image","twitter_misc":{"Gesch\u00e4tzte Lesezeit":"2\u00a0Minuten"},"schema":{"@context":"https:\/\/schema.org","@graph":[{"@type":"WebSite","@id":"https:\/\/www.villadina.net\/#website","url":"https:\/\/www.villadina.net\/","name":"Villa Dina","description":"Villa a gestione familiare a  Riva del Garda immersa in un parco  con piscina","potentialAction":[{"@type":"SearchAction","target":{"@type":"EntryPoint","urlTemplate":"https:\/\/www.villadina.net\/?s={search_term_string}"},"query-input":"required name=search_term_string"}],"inLanguage":"de"},{"@type":"ImageObject","@id":"https:\/\/www.villadina.net\/de\/service\/#primaryimage","inLanguage":"de","url":"https:\/\/www.villadina.net\/wp-content\/uploads\/2019\/07\/wifi.png","contentUrl":"https:\/\/www.villadina.net\/wp-content\/uploads\/2019\/07\/wifi.png","width":64,"height":64},{"@type":"WebPage","@id":"https:\/\/www.villadina.net\/de\/service\/#webpage","url":"https:\/\/www.villadina.net\/de\/service\/","name":"Service - Villa Dina","isPartOf":{"@id":"https:\/\/www.villadina.net\/#website"},"primaryImageOfPage":{"@id":"https:\/\/www.villadina.net\/de\/service\/#primaryimage"},"datePublished":"2019-08-12T12:52:19+00:00","dateModified":"2019-08-12T12:52:20+00:00","description":"Villa Dina \u00e8 un Family Residence a pochi passi da Riva del Garda - Lago di Garda, immerso nel suo parco di oltre 2000 mq.Ccollegamento internet Wi-Fi gratuito e barbecue.Piscina grande riscaldata e di una piscina piccola per bambini, cos\u00ec come un playground per giocare a pallacanestro e a pallavolo e un ping pong,Peri pi\u00f9 piccoli possono la casetta in legno, la sabbiera o l\u2019altalena. Un deposito biciclette con l\u2019uso gratuito delle city-bike e un grande parcheggio privato.","breadcrumb":{"@id":"https:\/\/www.villadina.net\/de\/service\/#breadcrumb"},"inLanguage":"de","potentialAction":[{"@type":"ReadAction","target":["https:\/\/www.villadina.net\/de\/service\/"]}]},{"@type":"BreadcrumbList","@id":"https:\/\/www.villadina.net\/de\/service\/#breadcrumb","itemListElement":[{"@type":"ListItem","position":1,"name":"Home","item":"https:\/\/www.villadina.net\/de\/"},{"@type":"ListItem","position":2,"name":"Service"}]}]}},"_links":{"self":[{"href":"https:\/\/www.villadina.net\/de\/wp-json\/wp\/v2\/pages\/2541","targetHints":{"allow":["GET"]}}],"collection":[{"href":"https:\/\/www.villadina.net\/de\/wp-json\/wp\/v2\/pages"}],"about":[{"href":"https:\/\/www.villadina.net\/de\/wp-json\/wp\/v2\/types\/page"}],"author":[{"embeddable":true,"href":"https:\/\/www.villadina.net\/de\/wp-json\/wp\/v2\/users\/1"}],"replies":[{"embeddable":true,"href":"https:\/\/www.villadina.net\/de\/wp-json\/wp\/v2\/comments?post=2541"}],"version-history":[{"count":0,"href":"https:\/\/www.villadina.net\/de\/wp-json\/wp\/v2\/pages\/2541\/revisions"}],"wp:attachment":[{"href":"https:\/\/www.villadina.net\/de\/wp-json\/wp\/v2\/media?parent=2541"}],"curies":[{"name":"wp","href":"https:\/\/api.w.org\/{rel}","templated":true}]}}